{"id":41,"date":"2021-07-11T23:32:58","date_gmt":"2021-07-11T21:32:58","guid":{"rendered":"https:\/\/workcontrol.net\/web\/?post_type=product&#038;p=41"},"modified":"2021-07-17T21:26:49","modified_gmt":"2021-07-17T19:26:49","slug":"control-laboral","status":"publish","type":"product","link":"https:\/\/workcontrol.net\/web\/producto\/control-laboral\/","title":{"rendered":"Licencia Control Laboral"},"content":{"rendered":"<ul>\n<li>Alta y configuraci\u00f3n inicial de la empresa.<\/li>\n<li>Carga y configuraci\u00f3n de todos los empleados.<\/li>\n<li>Puesta en marca de todo el sistema.<\/li>\n<li>Formaci\u00f3n a los responsables.<\/li>\n<li>Seguimiento en toda la fase inicial.<\/li>\n<\/ul>\n","protected":false},"excerpt":{"rendered":"<p>Alta y configuraci\u00f3n inicial de la empresa. Carga y configuraci\u00f3n de todos los empleados. Puesta en marca de todo el sistema. Formaci\u00f3n a los responsables. Seguimiento en toda la fase inicial.<\/p>\n","protected":false},"featured_media":13,"comment_status":"closed","ping_status":"closed","template":"","meta":{"_monsterinsights_skip_tracking":false,"_monsterinsights_sitenote_active":false,"_monsterinsights_sitenote_note":"","_monsterinsights_sitenote_category":0},"product_brand":[],"product_cat":[54],"product_tag":[57,55,56],"class_list":{"0":"post-41","1":"product","2":"type-product","3":"status-publish","4":"has-post-thumbnail","6":"product_cat-licencia","7":"product_tag-control-horario","8":"product_tag-control-laboral","9":"product_tag-jornada-laboral","11":"first","12":"instock","13":"taxable","14":"shipping-taxable","15":"purchasable","16":"product-type-variable","17":"has-default-attributes"},"yoast_head":"<!-- This site is optimized with the Yoast SEO plugin v27.5 - https:\/\/yoast.com\/product\/yoast-seo-wordpress\/ -->\n<title>Licencia Control Laboral - Work Control<\/title>\n<meta name=\"description\" content=\"Licencia Control Laboral WorkControl\" \/>\n<meta name=\"robots\" content=\"index, follow, max-snippet:-1, max-image-preview:large, max-video-preview:-1\" \/>\n<link rel=\"canonical\" href=\"https:\/\/workcontrol.net\/web\/producto\/control-laboral\/\" \/>\n<meta property=\"og:locale\" content=\"es_ES\" \/>\n<meta property=\"og:type\" content=\"article\" \/>\n<meta property=\"og:title\" content=\"Licencia Control Laboral - Work Control\" \/>\n<meta property=\"og:description\" content=\"Licencia Control Laboral WorkControl\" \/>\n<meta property=\"og:url\" content=\"https:\/\/workcontrol.net\/web\/producto\/control-laboral\/\" \/>\n<meta property=\"og:site_name\" content=\"Work Control\" \/>\n<meta property=\"article:modified_time\" content=\"2021-07-17T19:26:49+00:00\" \/>\n<meta property=\"og:image\" content=\"https:\/\/workcontrol.net\/web\/wp-content\/uploads\/2021\/06\/work_control.png\" \/>\n\t<meta property=\"og:image:width\" content=\"321\" \/>\n\t<meta property=\"og:image:height\" content=\"257\" \/>\n\t<meta property=\"og:image:type\" content=\"image\/png\" \/>\n<meta name=\"twitter:card\" content=\"summary_large_image\" \/>\n<meta name=\"twitter:label1\" content=\"Tiempo de lectura\" \/>\n\t<meta name=\"twitter:data1\" content=\"1 minuto\" \/>\n<script type=\"application\/ld+json\" class=\"yoast-schema-graph\">{\"@context\":\"https:\\\/\\\/schema.org\",\"@graph\":[{\"@type\":\"WebPage\",\"@id\":\"https:\\\/\\\/workcontrol.net\\\/web\\\/producto\\\/control-laboral\\\/\",\"url\":\"https:\\\/\\\/workcontrol.net\\\/web\\\/producto\\\/control-laboral\\\/\",\"name\":\"Licencia Control Laboral - Work Control\",\"isPartOf\":{\"@id\":\"https:\\\/\\\/workcontrol.net\\\/web\\\/#website\"},\"primaryImageOfPage\":{\"@id\":\"https:\\\/\\\/workcontrol.net\\\/web\\\/producto\\\/control-laboral\\\/#primaryimage\"},\"image\":{\"@id\":\"https:\\\/\\\/workcontrol.net\\\/web\\\/producto\\\/control-laboral\\\/#primaryimage\"},\"thumbnailUrl\":\"https:\\\/\\\/workcontrol.net\\\/web\\\/wp-content\\\/uploads\\\/2021\\\/06\\\/work_control.png\",\"datePublished\":\"2021-07-11T21:32:58+00:00\",\"dateModified\":\"2021-07-17T19:26:49+00:00\",\"description\":\"Licencia Control Laboral WorkControl\",\"breadcrumb\":{\"@id\":\"https:\\\/\\\/workcontrol.net\\\/web\\\/producto\\\/control-laboral\\\/#breadcrumb\"},\"inLanguage\":\"es\",\"potentialAction\":[{\"@type\":\"ReadAction\",\"target\":[\"https:\\\/\\\/workcontrol.net\\\/web\\\/producto\\\/control-laboral\\\/\"]}]},{\"@type\":\"ImageObject\",\"inLanguage\":\"es\",\"@id\":\"https:\\\/\\\/workcontrol.net\\\/web\\\/producto\\\/control-laboral\\\/#primaryimage\",\"url\":\"https:\\\/\\\/workcontrol.net\\\/web\\\/wp-content\\\/uploads\\\/2021\\\/06\\\/work_control.png\",\"contentUrl\":\"https:\\\/\\\/workcontrol.net\\\/web\\\/wp-content\\\/uploads\\\/2021\\\/06\\\/work_control.png\",\"width\":321,\"height\":257,\"caption\":\"work control logo\"},{\"@type\":\"BreadcrumbList\",\"@id\":\"https:\\\/\\\/workcontrol.net\\\/web\\\/producto\\\/control-laboral\\\/#breadcrumb\",\"itemListElement\":[{\"@type\":\"ListItem\",\"position\":1,\"name\":\"Portada\",\"item\":\"https:\\\/\\\/workcontrol.net\\\/web\\\/\"},{\"@type\":\"ListItem\",\"position\":2,\"name\":\"Tienda\",\"item\":\"https:\\\/\\\/workcontrol.net\\\/web\\\/tienda\\\/\"},{\"@type\":\"ListItem\",\"position\":3,\"name\":\"Licencia Control Laboral\"}]},{\"@type\":\"WebSite\",\"@id\":\"https:\\\/\\\/workcontrol.net\\\/web\\\/#website\",\"url\":\"https:\\\/\\\/workcontrol.net\\\/web\\\/\",\"name\":\"Work Control\",\"description\":\"Control de jornada laboral\",\"publisher\":{\"@id\":\"https:\\\/\\\/workcontrol.net\\\/web\\\/#organization\"},\"potentialAction\":[{\"@type\":\"SearchAction\",\"target\":{\"@type\":\"EntryPoint\",\"urlTemplate\":\"https:\\\/\\\/workcontrol.net\\\/web\\\/?s={search_term_string}\"},\"query-input\":{\"@type\":\"PropertyValueSpecification\",\"valueRequired\":true,\"valueName\":\"search_term_string\"}}],\"inLanguage\":\"es\"},{\"@type\":\"Organization\",\"@id\":\"https:\\\/\\\/workcontrol.net\\\/web\\\/#organization\",\"name\":\"Work Control\",\"url\":\"https:\\\/\\\/workcontrol.net\\\/web\\\/\",\"logo\":{\"@type\":\"ImageObject\",\"inLanguage\":\"es\",\"@id\":\"https:\\\/\\\/workcontrol.net\\\/web\\\/#\\\/schema\\\/logo\\\/image\\\/\",\"url\":\"https:\\\/\\\/workcontrol.net\\\/web\\\/wp-content\\\/uploads\\\/2021\\\/06\\\/cropped-work_control_150x120.png\",\"contentUrl\":\"https:\\\/\\\/workcontrol.net\\\/web\\\/wp-content\\\/uploads\\\/2021\\\/06\\\/cropped-work_control_150x120.png\",\"width\":240,\"height\":240,\"caption\":\"Work Control\"},\"image\":{\"@id\":\"https:\\\/\\\/workcontrol.net\\\/web\\\/#\\\/schema\\\/logo\\\/image\\\/\"}}]}<\/script>\n<!-- \/ Yoast SEO plugin. -->","yoast_head_json":{"title":"Licencia Control Laboral - Work Control","description":"Licencia Control Laboral WorkControl","robots":{"index":"index","follow":"follow","max-snippet":"max-snippet:-1","max-image-preview":"max-image-preview:large","max-video-preview":"max-video-preview:-1"},"canonical":"https:\/\/workcontrol.net\/web\/producto\/control-laboral\/","og_locale":"es_ES","og_type":"article","og_title":"Licencia Control Laboral - Work Control","og_description":"Licencia Control Laboral WorkControl","og_url":"https:\/\/workcontrol.net\/web\/producto\/control-laboral\/","og_site_name":"Work Control","article_modified_time":"2021-07-17T19:26:49+00:00","og_image":[{"width":321,"height":257,"url":"https:\/\/workcontrol.net\/web\/wp-content\/uploads\/2021\/06\/work_control.png","type":"image\/png"}],"twitter_card":"summary_large_image","twitter_misc":{"Tiempo de lectura":"1 minuto"},"schema":{"@context":"https:\/\/schema.org","@graph":[{"@type":"WebPage","@id":"https:\/\/workcontrol.net\/web\/producto\/control-laboral\/","url":"https:\/\/workcontrol.net\/web\/producto\/control-laboral\/","name":"Licencia Control Laboral - Work Control","isPartOf":{"@id":"https:\/\/workcontrol.net\/web\/#website"},"primaryImageOfPage":{"@id":"https:\/\/workcontrol.net\/web\/producto\/control-laboral\/#primaryimage"},"image":{"@id":"https:\/\/workcontrol.net\/web\/producto\/control-laboral\/#primaryimage"},"thumbnailUrl":"https:\/\/workcontrol.net\/web\/wp-content\/uploads\/2021\/06\/work_control.png","datePublished":"2021-07-11T21:32:58+00:00","dateModified":"2021-07-17T19:26:49+00:00","description":"Licencia Control Laboral WorkControl","breadcrumb":{"@id":"https:\/\/workcontrol.net\/web\/producto\/control-laboral\/#breadcrumb"},"inLanguage":"es","potentialAction":[{"@type":"ReadAction","target":["https:\/\/workcontrol.net\/web\/producto\/control-laboral\/"]}]},{"@type":"ImageObject","inLanguage":"es","@id":"https:\/\/workcontrol.net\/web\/producto\/control-laboral\/#primaryimage","url":"https:\/\/workcontrol.net\/web\/wp-content\/uploads\/2021\/06\/work_control.png","contentUrl":"https:\/\/workcontrol.net\/web\/wp-content\/uploads\/2021\/06\/work_control.png","width":321,"height":257,"caption":"work control logo"},{"@type":"BreadcrumbList","@id":"https:\/\/workcontrol.net\/web\/producto\/control-laboral\/#breadcrumb","itemListElement":[{"@type":"ListItem","position":1,"name":"Portada","item":"https:\/\/workcontrol.net\/web\/"},{"@type":"ListItem","position":2,"name":"Tienda","item":"https:\/\/workcontrol.net\/web\/tienda\/"},{"@type":"ListItem","position":3,"name":"Licencia Control Laboral"}]},{"@type":"WebSite","@id":"https:\/\/workcontrol.net\/web\/#website","url":"https:\/\/workcontrol.net\/web\/","name":"Work Control","description":"Control de jornada laboral","publisher":{"@id":"https:\/\/workcontrol.net\/web\/#organization"},"potentialAction":[{"@type":"SearchAction","target":{"@type":"EntryPoint","urlTemplate":"https:\/\/workcontrol.net\/web\/?s={search_term_string}"},"query-input":{"@type":"PropertyValueSpecification","valueRequired":true,"valueName":"search_term_string"}}],"inLanguage":"es"},{"@type":"Organization","@id":"https:\/\/workcontrol.net\/web\/#organization","name":"Work Control","url":"https:\/\/workcontrol.net\/web\/","logo":{"@type":"ImageObject","inLanguage":"es","@id":"https:\/\/workcontrol.net\/web\/#\/schema\/logo\/image\/","url":"https:\/\/workcontrol.net\/web\/wp-content\/uploads\/2021\/06\/cropped-work_control_150x120.png","contentUrl":"https:\/\/workcontrol.net\/web\/wp-content\/uploads\/2021\/06\/cropped-work_control_150x120.png","width":240,"height":240,"caption":"Work Control"},"image":{"@id":"https:\/\/workcontrol.net\/web\/#\/schema\/logo\/image\/"}}]}},"_links":{"self":[{"href":"https:\/\/workcontrol.net\/web\/wp-json\/wp\/v2\/product\/41","targetHints":{"allow":["GET"]}}],"collection":[{"href":"https:\/\/workcontrol.net\/web\/wp-json\/wp\/v2\/product"}],"about":[{"href":"https:\/\/workcontrol.net\/web\/wp-json\/wp\/v2\/types\/product"}],"replies":[{"embeddable":true,"href":"https:\/\/workcontrol.net\/web\/wp-json\/wp\/v2\/comments?post=41"}],"wp:featuredmedia":[{"embeddable":true,"href":"https:\/\/workcontrol.net\/web\/wp-json\/wp\/v2\/media\/13"}],"wp:attachment":[{"href":"https:\/\/workcontrol.net\/web\/wp-json\/wp\/v2\/media?parent=41"}],"wp:term":[{"taxonomy":"product_brand","embeddable":true,"href":"https:\/\/workcontrol.net\/web\/wp-json\/wp\/v2\/product_brand?post=41"},{"taxonomy":"product_cat","embeddable":true,"href":"https:\/\/workcontrol.net\/web\/wp-json\/wp\/v2\/product_cat?post=41"},{"taxonomy":"product_tag","embeddable":true,"href":"https:\/\/workcontrol.net\/web\/wp-json\/wp\/v2\/product_tag?post=41"}],"curies":[{"name":"wp","href":"https:\/\/api.w.org\/{rel}","templated":true}]}}