{"id":2,"date":"2021-06-22T16:33:45","date_gmt":"2021-06-22T14:33:45","guid":{"rendered":"http:\/\/www.workcontrol.net\/web\/?page_id=2"},"modified":"2021-07-17T21:16:56","modified_gmt":"2021-07-17T19:16:56","slug":"work-control","status":"publish","type":"page","link":"https:\/\/workcontrol.net\/web\/","title":{"rendered":"Control de Jornada Laboral"},"content":{"rendered":"\n<div class=\"wp-block-image\"><figure class=\"alignright size-large is-resized\"><a href=\"https:\/\/workcontrol.net\/web\/wp-content\/uploads\/2021\/07\/login.png\" data-rel=\"lightbox-image-0\" data-rl_title=\"\" data-rl_caption=\"\" title=\"\"><img loading=\"lazy\" decoding=\"async\" src=\"https:\/\/workcontrol.net\/web\/wp-content\/uploads\/2021\/07\/login.png\" alt=\"control jornada laboral - login\" class=\"wp-image-73\" width=\"362\" height=\"238\" srcset=\"https:\/\/workcontrol.net\/web\/wp-content\/uploads\/2021\/07\/login.png 555w, https:\/\/workcontrol.net\/web\/wp-content\/uploads\/2021\/07\/login-300x197.png 300w\" sizes=\"auto, (max-width: 362px) 100vw, 362px\" \/><\/a><figcaption>Panel de acceso al control de jornada laboral<\/figcaption><\/figure><\/div>\n\n\n\n<h2 class=\"wp-block-heading\">Multidispositivo<\/h2>\n\n\n\n<p>Control laboral es un sistema de acceso multidispositivo desde su m\u00f3vil o tablet, para gestionar las horas laborales de los empleados y generar informes legales al instante.<\/p>\n\n\n\n<h2 class=\"wp-block-heading\">Multiempresa<\/h2>\n\n\n\n<p>Control laboral es un sistema de acceso multiempresa, que permite diferenciar el control laboral a los empleados en difentes empresas.<\/p>\n\n\n\n<h2 class=\"wp-block-heading\">Teletrabajo<\/h2>\n\n\n\n<p>Control de la jornada laboral desde cualquier parte, sin preocupaciones ni las complicaciones de un m\u00e9todo de fichaje. Fichar desde casa es posible con el sistema de control horario.<\/p>\n\n\n\n<h2 class=\"wp-block-heading\">Cumple la Ley<\/h2>\n\n\n\n<p>Los trabajadores de diferentes centros de trabajo pueden validar su jornada, vacaciones, bajas, horas de entradas y salidas. Permite cumplir la ley de manera sencilla y econ\u00f3mica.<\/p>\n\n\n\n<h2 class=\"wp-block-heading\">Control de tiempo de trabajo<\/h2>\n\n\n\n<div class=\"wp-block-image\"><figure class=\"alignright size-large is-resized\"><a href=\"https:\/\/workcontrol.net\/web\/wp-content\/uploads\/2021\/07\/registros_usuario_2.png\" data-rel=\"lightbox-image-1\" data-rl_title=\"\" data-rl_caption=\"\" title=\"\"><img loading=\"lazy\" decoding=\"async\" src=\"https:\/\/workcontrol.net\/web\/wp-content\/uploads\/2021\/07\/registros_usuario_2.png\" alt=\"control jornada laboral - registros\" class=\"wp-image-80\" width=\"358\" height=\"220\" srcset=\"https:\/\/workcontrol.net\/web\/wp-content\/uploads\/2021\/07\/registros_usuario_2.png 716w, https:\/\/workcontrol.net\/web\/wp-content\/uploads\/2021\/07\/registros_usuario_2-300x184.png 300w, https:\/\/workcontrol.net\/web\/wp-content\/uploads\/2021\/07\/registros_usuario_2-600x368.png 600w\" sizes=\"auto, (max-width: 358px) 100vw, 358px\" \/><\/a><\/figure><\/div>\n\n\n\n<p>Es posible calcular el tiempo de trabajo, incluso gestionar el control de las horas extra y sus compensaciones.<\/p>\n\n\n\n<h2 class=\"wp-block-heading\">Gesti\u00f3n de calendario laboral<\/h2>\n\n\n\n<p>Registro de la jornada de trabajo de cada empleado, con todos los detalles de la jornada, control laboral de vacaciones, incidencias, control de absentismos, etc.<\/p>\n\n\n\n<h2 class=\"wp-block-heading\">Informes laborales de inspecci\u00f3n de trabajo<\/h2>\n\n\n\n<p>Siempre puede obtener el informe de inspecci\u00f3n de trabajo, manipular los datos en una hoja de excel. Se ha dise\u00f1ado siguiendo los requisitos del Ministerio de Trabajo, totalmente v\u00e1lido ante una inspecci\u00f3n.<\/p>\n","protected":false},"excerpt":{"rendered":"<p>Multidispositivo Control laboral es un sistema de acceso multidispositivo desde su m\u00f3vil o tablet, para gestionar las horas laborales de los empleados y generar informes legales al instante. Multiempresa Control laboral es un sistema de acceso multiempresa, que permite diferenciar el control laboral a los empleados en difentes empresas. Teletrabajo Control de la jornada laboral [&hellip;]<\/p>\n","protected":false},"author":1,"featured_media":0,"parent":0,"menu_order":0,"comment_status":"closed","ping_status":"closed","template":"","meta":{"_monsterinsights_skip_tracking":false,"_monsterinsights_sitenote_active":false,"_monsterinsights_sitenote_note":"","_monsterinsights_sitenote_category":0,"footnotes":""},"class_list":["post-2","page","type-page","status-publish","hentry"],"yoast_head":"<!-- This site is optimized with the Yoast SEO plugin v27.5 - https:\/\/yoast.com\/product\/yoast-seo-wordpress\/ -->\n<title>Control de Jornada Laboral - Work Control<\/title>\n<meta name=\"robots\" content=\"index, follow, max-snippet:-1, max-image-preview:large, max-video-preview:-1\" \/>\n<link rel=\"canonical\" href=\"https:\/\/workcontrol.net\/web\/\" \/>\n<meta property=\"og:locale\" content=\"es_ES\" \/>\n<meta property=\"og:type\" content=\"article\" \/>\n<meta property=\"og:title\" content=\"Control de Jornada Laboral - Work Control\" \/>\n<meta property=\"og:description\" content=\"Multidispositivo Control laboral es un sistema de acceso multidispositivo desde su m\u00f3vil o tablet, para gestionar las horas laborales de los empleados y generar informes legales al instante. Multiempresa Control laboral es un sistema de acceso multiempresa, que permite diferenciar el control laboral a los empleados en difentes empresas. Teletrabajo Control de la jornada laboral [&hellip;]\" \/>\n<meta property=\"og:url\" content=\"https:\/\/workcontrol.net\/web\/\" \/>\n<meta property=\"og:site_name\" content=\"Work Control\" \/>\n<meta property=\"article:modified_time\" content=\"2021-07-17T19:16:56+00:00\" \/>\n<meta property=\"og:image\" content=\"https:\/\/workcontrol.net\/web\/wp-content\/uploads\/2021\/07\/login.png\" \/>\n<meta name=\"twitter:card\" content=\"summary_large_image\" \/>\n<meta name=\"twitter:label1\" content=\"Tiempo de lectura\" \/>\n\t<meta name=\"twitter:data1\" content=\"2 minutos\" \/>\n<script type=\"application\/ld+json\" class=\"yoast-schema-graph\">{\"@context\":\"https:\\\/\\\/schema.org\",\"@graph\":[{\"@type\":\"WebPage\",\"@id\":\"https:\\\/\\\/workcontrol.net\\\/web\\\/\",\"url\":\"https:\\\/\\\/workcontrol.net\\\/web\\\/\",\"name\":\"Control de Jornada Laboral - Work Control\",\"isPartOf\":{\"@id\":\"https:\\\/\\\/workcontrol.net\\\/web\\\/#website\"},\"primaryImageOfPage\":{\"@id\":\"https:\\\/\\\/workcontrol.net\\\/web\\\/#primaryimage\"},\"image\":{\"@id\":\"https:\\\/\\\/workcontrol.net\\\/web\\\/#primaryimage\"},\"thumbnailUrl\":\"https:\\\/\\\/workcontrol.net\\\/web\\\/wp-content\\\/uploads\\\/2021\\\/07\\\/login.png\",\"datePublished\":\"2021-06-22T14:33:45+00:00\",\"dateModified\":\"2021-07-17T19:16:56+00:00\",\"breadcrumb\":{\"@id\":\"https:\\\/\\\/workcontrol.net\\\/web\\\/#breadcrumb\"},\"inLanguage\":\"es\",\"potentialAction\":[{\"@type\":\"ReadAction\",\"target\":[\"https:\\\/\\\/workcontrol.net\\\/web\\\/\"]}]},{\"@type\":\"ImageObject\",\"inLanguage\":\"es\",\"@id\":\"https:\\\/\\\/workcontrol.net\\\/web\\\/#primaryimage\",\"url\":\"https:\\\/\\\/workcontrol.net\\\/web\\\/wp-content\\\/uploads\\\/2021\\\/07\\\/login.png\",\"contentUrl\":\"https:\\\/\\\/workcontrol.net\\\/web\\\/wp-content\\\/uploads\\\/2021\\\/07\\\/login.png\",\"width\":555,\"height\":364,\"caption\":\"control jornada laboral - login\"},{\"@type\":\"BreadcrumbList\",\"@id\":\"https:\\\/\\\/workcontrol.net\\\/web\\\/#breadcrumb\",\"itemListElement\":[{\"@type\":\"ListItem\",\"position\":1,\"name\":\"Portada\",\"item\":\"https:\\\/\\\/workcontrol.net\\\/web\\\/\"},{\"@type\":\"ListItem\",\"position\":2,\"name\":\"Control de Jornada Laboral\"}]},{\"@type\":\"WebSite\",\"@id\":\"https:\\\/\\\/workcontrol.net\\\/web\\\/#website\",\"url\":\"https:\\\/\\\/workcontrol.net\\\/web\\\/\",\"name\":\"Work Control\",\"description\":\"Control de jornada laboral\",\"publisher\":{\"@id\":\"https:\\\/\\\/workcontrol.net\\\/web\\\/#organization\"},\"potentialAction\":[{\"@type\":\"SearchAction\",\"target\":{\"@type\":\"EntryPoint\",\"urlTemplate\":\"https:\\\/\\\/workcontrol.net\\\/web\\\/?s={search_term_string}\"},\"query-input\":{\"@type\":\"PropertyValueSpecification\",\"valueRequired\":true,\"valueName\":\"search_term_string\"}}],\"inLanguage\":\"es\"},{\"@type\":\"Organization\",\"@id\":\"https:\\\/\\\/workcontrol.net\\\/web\\\/#organization\",\"name\":\"Work Control\",\"url\":\"https:\\\/\\\/workcontrol.net\\\/web\\\/\",\"logo\":{\"@type\":\"ImageObject\",\"inLanguage\":\"es\",\"@id\":\"https:\\\/\\\/workcontrol.net\\\/web\\\/#\\\/schema\\\/logo\\\/image\\\/\",\"url\":\"https:\\\/\\\/workcontrol.net\\\/web\\\/wp-content\\\/uploads\\\/2021\\\/06\\\/cropped-work_control_150x120.png\",\"contentUrl\":\"https:\\\/\\\/workcontrol.net\\\/web\\\/wp-content\\\/uploads\\\/2021\\\/06\\\/cropped-work_control_150x120.png\",\"width\":240,\"height\":240,\"caption\":\"Work Control\"},\"image\":{\"@id\":\"https:\\\/\\\/workcontrol.net\\\/web\\\/#\\\/schema\\\/logo\\\/image\\\/\"}}]}<\/script>\n<!-- \/ Yoast SEO plugin. -->","yoast_head_json":{"title":"Control de Jornada Laboral - Work Control","robots":{"index":"index","follow":"follow","max-snippet":"max-snippet:-1","max-image-preview":"max-image-preview:large","max-video-preview":"max-video-preview:-1"},"canonical":"https:\/\/workcontrol.net\/web\/","og_locale":"es_ES","og_type":"article","og_title":"Control de Jornada Laboral - Work Control","og_description":"Multidispositivo Control laboral es un sistema de acceso multidispositivo desde su m\u00f3vil o tablet, para gestionar las horas laborales de los empleados y generar informes legales al instante. Multiempresa Control laboral es un sistema de acceso multiempresa, que permite diferenciar el control laboral a los empleados en difentes empresas. Teletrabajo Control de la jornada laboral [&hellip;]","og_url":"https:\/\/workcontrol.net\/web\/","og_site_name":"Work Control","article_modified_time":"2021-07-17T19:16:56+00:00","og_image":[{"url":"https:\/\/workcontrol.net\/web\/wp-content\/uploads\/2021\/07\/login.png","type":"","width":"","height":""}],"twitter_card":"summary_large_image","twitter_misc":{"Tiempo de lectura":"2 minutos"},"schema":{"@context":"https:\/\/schema.org","@graph":[{"@type":"WebPage","@id":"https:\/\/workcontrol.net\/web\/","url":"https:\/\/workcontrol.net\/web\/","name":"Control de Jornada Laboral - Work Control","isPartOf":{"@id":"https:\/\/workcontrol.net\/web\/#website"},"primaryImageOfPage":{"@id":"https:\/\/workcontrol.net\/web\/#primaryimage"},"image":{"@id":"https:\/\/workcontrol.net\/web\/#primaryimage"},"thumbnailUrl":"https:\/\/workcontrol.net\/web\/wp-content\/uploads\/2021\/07\/login.png","datePublished":"2021-06-22T14:33:45+00:00","dateModified":"2021-07-17T19:16:56+00:00","breadcrumb":{"@id":"https:\/\/workcontrol.net\/web\/#breadcrumb"},"inLanguage":"es","potentialAction":[{"@type":"ReadAction","target":["https:\/\/workcontrol.net\/web\/"]}]},{"@type":"ImageObject","inLanguage":"es","@id":"https:\/\/workcontrol.net\/web\/#primaryimage","url":"https:\/\/workcontrol.net\/web\/wp-content\/uploads\/2021\/07\/login.png","contentUrl":"https:\/\/workcontrol.net\/web\/wp-content\/uploads\/2021\/07\/login.png","width":555,"height":364,"caption":"control jornada laboral - login"},{"@type":"BreadcrumbList","@id":"https:\/\/workcontrol.net\/web\/#breadcrumb","itemListElement":[{"@type":"ListItem","position":1,"name":"Portada","item":"https:\/\/workcontrol.net\/web\/"},{"@type":"ListItem","position":2,"name":"Control de Jornada Laboral"}]},{"@type":"WebSite","@id":"https:\/\/workcontrol.net\/web\/#website","url":"https:\/\/workcontrol.net\/web\/","name":"Work Control","description":"Control de jornada laboral","publisher":{"@id":"https:\/\/workcontrol.net\/web\/#organization"},"potentialAction":[{"@type":"SearchAction","target":{"@type":"EntryPoint","urlTemplate":"https:\/\/workcontrol.net\/web\/?s={search_term_string}"},"query-input":{"@type":"PropertyValueSpecification","valueRequired":true,"valueName":"search_term_string"}}],"inLanguage":"es"},{"@type":"Organization","@id":"https:\/\/workcontrol.net\/web\/#organization","name":"Work Control","url":"https:\/\/workcontrol.net\/web\/","logo":{"@type":"ImageObject","inLanguage":"es","@id":"https:\/\/workcontrol.net\/web\/#\/schema\/logo\/image\/","url":"https:\/\/workcontrol.net\/web\/wp-content\/uploads\/2021\/06\/cropped-work_control_150x120.png","contentUrl":"https:\/\/workcontrol.net\/web\/wp-content\/uploads\/2021\/06\/cropped-work_control_150x120.png","width":240,"height":240,"caption":"Work Control"},"image":{"@id":"https:\/\/workcontrol.net\/web\/#\/schema\/logo\/image\/"}}]}},"_links":{"self":[{"href":"https:\/\/workcontrol.net\/web\/wp-json\/wp\/v2\/pages\/2","targetHints":{"allow":["GET"]}}],"collection":[{"href":"https:\/\/workcontrol.net\/web\/wp-json\/wp\/v2\/pages"}],"about":[{"href":"https:\/\/workcontrol.net\/web\/wp-json\/wp\/v2\/types\/page"}],"author":[{"embeddable":true,"href":"https:\/\/workcontrol.net\/web\/wp-json\/wp\/v2\/users\/1"}],"replies":[{"embeddable":true,"href":"https:\/\/workcontrol.net\/web\/wp-json\/wp\/v2\/comments?post=2"}],"version-history":[{"count":14,"href":"https:\/\/workcontrol.net\/web\/wp-json\/wp\/v2\/pages\/2\/revisions"}],"predecessor-version":[{"id":109,"href":"https:\/\/workcontrol.net\/web\/wp-json\/wp\/v2\/pages\/2\/revisions\/109"}],"wp:attachment":[{"href":"https:\/\/workcontrol.net\/web\/wp-json\/wp\/v2\/media?parent=2"}],"curies":[{"name":"wp","href":"https:\/\/api.w.org\/{rel}","templated":true}]}}